{"id":9815,"date":"2022-01-26T00:44:45","date_gmt":"2022-01-25T13:44:45","guid":{"rendered":"https:\/\/heatstrip.com\/accueil\/"},"modified":"2025-10-10T15:34:19","modified_gmt":"2025-10-10T04:34:19","slug":"home","status":"publish","type":"page","link":"https:\/\/heatstrip.com\/fr\/","title":{"rendered":"Accueil"},"content":{"rendered":"\n\n\t\t\t\t<img decoding=\"async\" src=\"https:\/\/heatstrip.com\/wp-content\/uploads\/2023\/09\/Heatstrip-Logo-Rev2.svg\" alt=\"HEATSTRIP Logo\" itemprop=\"image\" title=\"Heatstrip Logo Rev2\" onerror=\"this.style.display='none'\"  \/>\n<h2>\n\t\tLe chauffage ext\u00e9rieur n&rsquo;a jamais \u00e9t\u00e9 aussi bon.\n\t<\/h2>\n<h2>\n\t\tJE CHERCHE\n\t<\/h2>\n\t\t\t<a href=\"https:\/\/heatstrip.com\/fr\/selecteur-de-produits\/\" target=\"_self\" rel=\"noopener\">\n\t\t\t\t\t\t\tS\u00c9LECTEUR DE PRODUITS\n\t\t\t\t\t<\/a>\n\t<h1>\n\t\t\t\tCHAUFFAGES EXT\u00c9RIEURS <sup>HEATSTRIP<\/sup> \n\t\t\t<\/h1>\n\t\t\t<p>HEATSTRIP<sup>\u00ae<\/sup> est un leader mondial des chauffages int\u00e9rieurs et ext\u00e9rieurs \u00e9l\u00e9gants, y compris les chauffages muraux de patio et les chauffages \u00e9lectriques \u00e0 bande.HEATSTRIP<sup>\u00ae<\/sup> fournit des solutions de chauffage ext\u00e9rieur pour certains des sites les plus connus et pour de magnifiques r\u00e9sidences dans le monde entier. D\u00e9couvrez comment notre gamme d&rsquo;appareils de chauffage prim\u00e9s peut r\u00e9chauffer votre vie. <\/p>\t\n\t\t\t<a href=\"#section2\" target=\"_self\" rel=\"noopener\">\n\t\t\t\t\t\t\tEn savoir plus\n\t\t\t\t\t<\/a>\n\t<h2>\n\t\t\t\tNOUVEAUX APPAREILS DE CHAUFFAGE<br \/>T\u00c9L\u00c9COMMANDE ET APPLICATION\n\t\t\t<\/h2>\n\t\t\t<p>Les appareils de chauffage HEATSTRIP<sup>\u00ae<\/sup> avec t\u00e9l\u00e9commande et application vous permettent de r\u00e9gler facilement la temp\u00e9rature de votre appareil de chauffage de n&rsquo;importe o\u00f9 dans la pi\u00e8ce ou \u00e0 distance via l&rsquo;application pour t\u00e9l\u00e9phone intelligent. Votre temp\u00e9rature \u00e0 votre go\u00fbt! <\/p>\t\n\t\t\t<a href=\"https:\/\/heatstrip.com\/fr\/selecteur-de-produits\/?_sfm_built-in_controller=Not%20Included\" target=\"_self\" rel=\"noopener\">\n\t\t\t\t\t\t\tEn savoir plus\n\t\t\t\t\t<\/a>\n\t<h2>\n\t\t\t\tCHAUFFAGES \u00c9LECTRIQUES\n\t\t\t<\/h2>\n\t\t\tLes chauffages \u00e9lectriques HEATSTRIP<sup>\u00ae<\/sup> sont parfaits pour une large gamme d&rsquo;applications de chauffage ext\u00e9rieur et int\u00e9rieur.<br \/>\nQuelle que soit votre recherche, la gamme HEATSTRIP\u00ae a tout ce qu&rsquo;il faut.\n\t\t\t<a href=\"https:\/\/heatstrip.com\/fr\/selecteur-de-produits\/?_sfm_power_source=Electric\" target=\"_self\" rel=\"noopener\">\n\t\t\t\t\t\t\tEn savoir plus\n\t\t\t\t\t<\/a>\n\t<h1>\n\t\t\t\tPRODUITS HEATSTRIP<sup>\u00ae<\/sup>\n\t\t\t<\/h1>\n\t\t\t<p>Les radiateurs \u00e9lectriques HEATSTRIP<sup>\u00ae<\/sup> sont fi\u00e8rement con\u00e7us et fabriqu\u00e9s en Australie et distribu\u00e9s sur les march\u00e9s mondiaux. Les appareils de chauffage HEATSTRIP<sup>\u00ae<\/sup> conviennent \u00e0 un large \u00e9ventail de march\u00e9s r\u00e9sidentiels, commerciaux et institutionnels et sont actuellement disponibles par le biais de nombreux canaux, tels que les grands d\u00e9taillants nationaux, les sp\u00e9cialistes ind\u00e9pendants de la vie en plein air et du chauffage, les grossistes en mat\u00e9riel \u00e9lectrique et les distributeurs, \u00e0 la fois en Am\u00e9rique du Nord et dans le reste du monde.Vous pouvez \u00eatre s\u00fbr que HEATSTRIP<sup>\u00ae<\/sup> a un produit qui convient \u00e0 tout environnement domestique ou professionnel, qu&rsquo;il s&rsquo;agisse d&rsquo;un espace ext\u00e9rieur, d&rsquo;un balcon, d&rsquo;un patio ou d&rsquo;un bar, d&rsquo;un club ou d&rsquo;un restaurant.<\/p>\t\n\t\t\t<img decoding=\"async\" loading='false' src=\"https:\/\/heatstrip.com\/wp-content\/uploads\/2022\/01\/Products-Classic.jpg\" alt=\"\" \/>\t\t\t\n\t\t\t\t<h2>CHAUFFAGE \u00c9LECTRIQUE RADIANT EXT\u00c9RIEUR CLASSIC HEATSTRIP<sup>\u00ae<\/sup><\/h2>\n\t\t\t<a href=\"https:\/\/heatstrip.com\/fr\/heatstrip-product\/heatstrip-classique\/\" target=\"_self\" rel=\"noopener\">\n\t\t\t\t\t\t\tD\u00c9COUVRIR PLUS\n\t\t\t\t\t<\/a>\n\t\t\t<img decoding=\"async\" loading='false' src=\"https:\/\/heatstrip.com\/wp-content\/uploads\/2023\/03\/Heatstrip-Enhance-with-Remote-and-App-01.jpg\" alt=\"Heatstrip Enhance with Remote and App\" \/>\t\t\t\n\t\t\t\t<h2>HEATSTRIP<sup>\u00ae<\/sup> OPTIMIS\u00c9 CHAUFFAGE \u00c9LECTRIQUE POUR L&rsquo;EXT\u00c9RIEUR AVEC T\u00c9L\u00c9COMMANDE ET APPLICATION<\/h2>\n\t\t\t<a href=\"https:\/\/heatstrip.com\/fr\/heatstrip-product\/heatstrip-optimise-avec-telecommande-et-application\/\" target=\"_self\" rel=\"noopener\">\n\t\t\t\t\t\t\tD\u00c9COUVRIR PLUS\n\t\t\t\t\t<\/a>\n\t\t\t<img decoding=\"async\" loading='false' src=\"https:\/\/heatstrip.com\/wp-content\/uploads\/2023\/03\/Heatstrip-Intense-with-Remote-and-App-03.jpg\" alt=\"Heatstrip Intense with Remote and App\" \/>\t\t\t\n\t\t\t\t<h2>HEATSTRIP<sup>\u00ae<\/sup> INTENSE RADIATEUR \u00c9LECTRIQUE INTENSE POUR L&rsquo;EXT\u00c9RIEUR AVEC T\u00c9L\u00c9COMMANDE ET APPLICATION<\/h2>\n\t\t\t<a href=\"https:\/\/heatstrip.com\/fr\/heatstrip-product\/heatstrip-intense-avec-telecommande-et-application\/\" target=\"_self\" rel=\"noopener\">\n\t\t\t\t\t\t\tD\u00c9COUVRIR PLUS\n\t\t\t\t\t<\/a>\n\t\t\t\t<a href=\"#\" aria-label=\"previous\" role=\"button\">\n<\/a>\n\t\t\t\t<a href=\"#\" aria-label=\"next\" role=\"button\">\n<\/a>\n\t<iframe loading=\"lazy\" width=\"1440\" height=\"800\" src=\"https:\/\/www.youtube.com\/embed\/byIun2qKIms?si=oPkLvEeaU6DeyD8U\" title=\"YouTube video player\" frameborder=\"0\" allow=\"accelerometer; autoplay; clipboard-write; encrypted-media; gyroscope; picture-in-picture\" allowfullscreen><\/iframe>\n<h2>\n\t\tHEATSTRIP<sup>\u00ae<\/sup> EST UNE GAMME PRIM\u00c9E ET DE CLASSE MONDIALE DE RADIATEURS \u00c9LECTRIQUES\n\t<\/h2>\n\n","protected":false},"excerpt":{"rendered":"<p>Le chauffage ext\u00e9rieur n&rsquo;a jamais \u00e9t\u00e9 aussi bon. JE CHERCHE S\u00c9LECTEUR DE PRODUITS CHAUFFAGES EXT\u00c9RIEURS HEATSTRIP HEATSTRIP\u00ae est un leader mondial des chauffages int\u00e9rieurs et ext\u00e9rieurs \u00e9l\u00e9gants, y compris les chauffages muraux de patio et les chauffages \u00e9lectriques \u00e0 bande.HEATSTRIP\u00ae fournit des solutions de chauffage ext\u00e9rieur pour certains des sites les plus connus et pour [&hellip;]<\/p>\n","protected":false},"author":1,"featured_media":0,"parent":0,"menu_order":0,"comment_status":"closed","ping_status":"closed","template":"","meta":{"site-sidebar-layout":"no-sidebar","site-content-layout":"page-builder","ast-site-content-layout":"full-width-container","site-content-style":"unboxed","site-sidebar-style":"unboxed","ast-global-header-display":"","ast-banner-title-visibility":"","ast-main-header-display":"","ast-hfb-above-header-display":"","ast-hfb-below-header-display":"","ast-hfb-mobile-header-display":"","site-post-title":"disabled","ast-breadcrumbs-content":"","ast-featured-img":"disabled","footer-sml-layout":"","ast-disable-related-posts":"","theme-transparent-header-meta":"default","adv-header-id-meta":"","stick-header-meta":"default","header-above-stick-meta":"","header-main-stick-meta":"","header-below-stick-meta":"","astra-migrate-meta-layouts":"default","ast-page-background-enabled":"default","ast-page-background-meta":{"desktop":{"background-color":"var(--ast-global-color-4)","background-image":"","background-repeat":"repeat","background-position":"center center","background-size":"auto","background-attachment":"scroll","background-type":"","background-media":"","overlay-type":"","overlay-color":"","overlay-opacity":"","overlay-gradient":""},"tablet":{"background-color":"","background-image":"","background-repeat":"repeat","background-position":"center center","background-size":"auto","background-attachment":"scroll","background-type":"","background-media":"","overlay-type":"","overlay-color":"","overlay-opacity":"","overlay-gradient":""},"mobile":{"background-color":"","background-image":"","background-repeat":"repeat","background-position":"center center","background-size":"auto","background-attachment":"scroll","background-type":"","background-media":"","overlay-type":"","overlay-color":"","overlay-opacity":"","overlay-gradient":""}},"ast-content-background-meta":{"desktop":{"background-color":"var(--ast-global-color-5)","background-image":"","background-repeat":"repeat","background-position":"center center","background-size":"auto","background-attachment":"scroll","background-type":"","background-media":"","overlay-type":"","overlay-color":"","overlay-opacity":"","overlay-gradient":""},"tablet":{"background-color":"var(--ast-global-color-5)","background-image":"","background-repeat":"repeat","background-position":"center center","background-size":"auto","background-attachment":"scroll","background-type":"","background-media":"","overlay-type":"","overlay-color":"","overlay-opacity":"","overlay-gradient":""},"mobile":{"background-color":"var(--ast-global-color-5)","background-image":"","background-repeat":"repeat","background-position":"center center","background-size":"auto","background-attachment":"scroll","background-type":"","background-media":"","overlay-type":"","overlay-color":"","overlay-opacity":"","overlay-gradient":""}},"footnotes":""},"class_list":["post-9815","page","type-page","status-publish","hentry"],"_links":{"self":[{"href":"https:\/\/heatstrip.com\/fr\/wp-json\/wp\/v2\/pages\/9815","targetHints":{"allow":["GET"]}}],"collection":[{"href":"https:\/\/heatstrip.com\/fr\/wp-json\/wp\/v2\/pages"}],"about":[{"href":"https:\/\/heatstrip.com\/fr\/wp-json\/wp\/v2\/types\/page"}],"author":[{"embeddable":true,"href":"https:\/\/heatstrip.com\/fr\/wp-json\/wp\/v2\/users\/1"}],"replies":[{"embeddable":true,"href":"https:\/\/heatstrip.com\/fr\/wp-json\/wp\/v2\/comments?post=9815"}],"version-history":[{"count":0,"href":"https:\/\/heatstrip.com\/fr\/wp-json\/wp\/v2\/pages\/9815\/revisions"}],"wp:attachment":[{"href":"https:\/\/heatstrip.com\/fr\/wp-json\/wp\/v2\/media?parent=9815"}],"curies":[{"name":"wp","href":"https:\/\/api.w.org\/{rel}","templated":true}]}}