{"id":9816,"date":"2022-02-07T23:17:15","date_gmt":"2022-02-07T12:17:15","guid":{"rendered":"https:\/\/heatstrip.com\/a-propos-de-heatstrip\/"},"modified":"2024-10-25T11:18:25","modified_gmt":"2024-10-25T00:18:25","slug":"a-propos-de-heatstrip","status":"publish","type":"page","link":"https:\/\/heatstrip.com\/fr\/a-propos-de-heatstrip\/","title":{"rendered":"A propos de HEATSTRIP\u00ae"},"content":{"rendered":"\n<h2>\n\t\t\u00c0 PROPOS DE HEATSTRIP<sup>\u00ae<\/sup>\n\t<\/h2>\n\t<h1>\n\t\t\t\t\u00c0 PROPOS DE HEATSTRIP<sup>\u00ae<\/sup>\n\t\t\t<\/h1>\n\t\t\t<p>Les chauffages \u00e9lectriques et \u00e0 gaz ext\u00e9rieurs HEATSTRIP<sup>\u00ae<\/sup> sont fi\u00e8rement con\u00e7us, fabriqu\u00e9s et fournis en Australie et export\u00e9s sur les march\u00e9s mondiaux. HEATSTRIP<sup>\u00ae<\/sup> con\u00e7oit des produits innovants, \u00e9l\u00e9gants et \u00e9conomes en \u00e9nergie depuis 1988. Avec les solutions de chauffage innovantes HEATSTRIP<sup>\u00ae<\/sup>, il n&rsquo;est pas n\u00e9cessaire d&rsquo;abandonner l&rsquo;espace ext\u00e9rieur ou de compromettre votre style avec des appareils de chauffage encombrants et d\u00e9sagr\u00e9ables. En Australie, de nombreux grands \u00e9tablissements appr\u00e9cient le style et les performances offertes par HEATSTRIP<sup>\u00ae<\/sup> Bien qu&rsquo;ils conviennent \u00e0 un usage commercial, nos appareils de chauffage prim\u00e9s sont \u00e9galement id\u00e9aux pour les zones r\u00e9sidentielles en plein air.<\/p>\t\n\t<h2>\n\t\t\t\tPORT\u00c9E MONDIALE\n\t\t\t<\/h2>\n\t\t\t<p>Le si\u00e8ge social de HEATSTRIP<sup>\u00ae<\/sup> est situ\u00e9 \u00e0 Melbourne, en Australie, o\u00f9 le service client et l&rsquo;entreposage sont actuellement bas\u00e9s, avec une distribution dans le monde entier, y compris en Europe, aux \u00c9tats-Unis et en Nouvelle-Z\u00e9lande.<\/p>\t\n\t<h1>\n\t\t\t\tUN NOM DE CONFIANCE\n\t\t\t<\/h1>\n\t\t\t<p>Les radiateurs HEATSTRIP<sup>\u00ae<\/sup> sont recommand\u00e9s par de nombreux architectes, designers, consultants et prescripteurs parmi les meilleurs au monde, qui font confiance \u00e0 la qualit\u00e9, aux performances et \u00e0 l&rsquo;esth\u00e9tique de classe mondiale.<\/p>\t\n\t<iframe loading=\"lazy\" width=\"1440\" height=\"800\" src=\"https:\/\/www.youtube.com\/embed\/GGzSRa1dzOY\" title=\"YouTube video player\" frameborder=\"0\" allow=\"accelerometer; autoplay; clipboard-write; encrypted-media; gyroscope; picture-in-picture\" allowfullscreen><\/iframe>\n\t<h1>\n\t\t\t\tUNE MARQUE MONDIALE\n\t\t\t<\/h1>\n\t\t\t<p>Les produits HEATSTRIP<sup>\u00ae<\/sup> sont actuellement disponibles aupr\u00e8s d&rsquo;un large \u00e9ventail de grands d\u00e9taillants nationaux, de sp\u00e9cialistes ind\u00e9pendants de la vie en plein air, de grossistes en \u00e9lectricit\u00e9 et de distributeurs d&rsquo;\u00c9tat, dans toute l&rsquo;Australie. Les produits HEATSTRIP<sup>\u00ae<\/sup> Classique, Elegance, Max, Intense, Int\u00e9rieur et les appareils \u00e0 gaz am\u00e9lior\u00e9s sont con\u00e7us et fabriqu\u00e9s en Australie et export\u00e9s vers les march\u00e9s mondiaux, notamment la Nouvelle-Z\u00e9lande, l&rsquo;Europe, les \u00c9tats-Unis, l&rsquo;Afrique du Sud et l&rsquo;Asie.<\/p>\t\n\t\t\t\t<img decoding=\"async\" src=\"https:\/\/heatstripworld.wpengine.com\/wp-content\/uploads\/2022\/02\/Map-Transparent.png\" alt=\"Map-Transparent\" itemprop=\"image\" title=\"Map-Transparent\" onerror=\"this.style.display='none'\"  \/>\n<h2>\n\t\tNOTRE MISSION\n\t<\/h2>\n\t\t\t\t\t\t\t\t\t\t\t\t\t\t\t\t\t\t\t\n\t\t\t\t\t\t\t\t\t\t\t\t\t\t\t\t\t\t\t\t\t\t\t<h2>NOTRE PROMESSE DE MARQUE<\/h2> \t\t\t\t\t\t\t\t\t\t\t\n\t\t\t\t\t\t\t\t\t\t\t\t\t\t\t\t\t\t\t\t\t\t\t\t\t\t\t\t\t\t\t\t\t\t\t\t\t\t\t\t\t\t\t\t\t\t\t\t\t\t\t\t\t\t\t\t<p>Confort et confiance durables<\/p> \t\t\t\t\t\t\t\t\t\t\t\t\t\t\t\t\t\t\t\t\t\t\t\t\t\t\t\t\t\n\t\t\t\t\t\t\t\t\t\t\t\t\t\t\t\t\t\t\t\n\t\t\t\t\t\t\t\t\t\t\t\t\t\t\t\t\t\t\t\t\t\t\t<h2>NOTRE BUT<\/h2> \t\t\t\t\t\t\t\t\t\t\t\n\t\t\t\t\t\t\t\t\t\t\t\t\t\t\t\t\t\t\t\t\t\t\t\t\t\t\t\t\t\t\t\t\t\t\t\t\t\t\t\t\t\t\t\t\t\t\t\t\t\t\t\t\t\t\t\t<p>Innover et int\u00e9grer le design et la technologie pour permettre aux gens de profiter d&rsquo;un mode de vie plus confortable.<\/p> \t\t\t\t\t\t\t\t\t\t\t\t\t\t\t\t\t\t\t\t\t\t\t\t\t\t\t\t\t\n\t\t\t\t\t\t\t\t\t\t\t\t\t\t\t\t\t\t\t\n\t\t\t\t\t\t\t\t\t\t\t\t\t\t\t\t\t\t\t\t\t\t\t<h2>VISION 2025<\/h2> \t\t\t\t\t\t\t\t\t\t\t\n\t\t\t\t\t\t\t\t\t\t\t\t\t\t\t\t\t\t\t\t\t\t\t\t\t\t\t\t\t\t\t\t\t\t\t\t\t\t\t\t\t\t\t\t\t\t\t\t\t\t\t\t\t\t\t\t<p>Nous serons reconnus et appr\u00e9ci\u00e9s au niveau international pour la conception de produits et l&rsquo;int\u00e9gration de technologies de classe mondiale qui r\u00e9pondent au mieux aux besoins et aux modes de vie des citoyens.<\/p>\n\t\t\t\t\t\t\t\t\t\t\t\t\t\t\t\t\t\t\t\n\t\t\t\t\t\t\t\t\t\t\t\t\t\t\t\t\t\t\t\t\t\t\t<h2>NOS VALEURS<\/h2> \t\t\t\t\t\t\t\t\t\t\t\n\t\t\t\t\t\t\t\t\t\t\t\t\t\t\t\t\t\t\t\t\t\t\t\t\t\t\t\t\t\t\t\t\t\t\t\t\t\t\t\t\t\t\t\t\t\t\t\t\t\t\t\t\t\t\t\t<p>Responsabilit\u00e9<br \/> R\u00e9activit\u00e9<br \/> Priorit\u00e9 \u00e0 l&rsquo;excellence<br \/> Droit au but<\/p>\n\t\t\t\t\t\t\t\t\t\t\t\t\t\t\t\t\t\t\t\n\t\t\t\t\t\t\t\t\t\t\t\t\t\t\t\t\t\t\t\t\t\t\t<h2>CAUSE DU CLIENT<\/h2> \t\t\t\t\t\t\t\t\t\t\t\n\t\t\t\t\t\t\t\t\t\t\t\t\t\t\t\t\t\t\t\t\t\t\t\t\t\t\t\t\t\t\t\t\t\t\t\t\t\t\t\t\t\t\t\t\t\t\t\t\t\t\t\t\t\t\t\t<p>\u00c9largir les fronti\u00e8res o\u00f9 je peux profiter de la chaleur et du confort<\/p>\n\t\t\t\t\t\t\t\t\t\t\t\t\t\t\t\t\t\t\t\n\t\t\t\t\t\t\t\t\t\t\t\t\t\t\t\t\t\t\t\t\t\t\t<h2>NOTRE COMP\u00c9TENCE UNIQUE<\/h2> \t\t\t\t\t\t\t\t\t\t\t\n\t\t\t\t\t\t\t\t\t\t\t\t\t\t\t\t\t\t\t\t\t\t\t\t\t\t\t\t\t\t\t\t\t\t\t\t\t\t\t\t\t\t\t\t\t\t\t\t\t\t\t\t\t\t\t\t<p>Int\u00e9grer une technologie de classe mondiale et une pratique de conception centr\u00e9e sur l&rsquo;utilisateur<\/p>\n\t\t<h1>\n\t\tHEATSTRIP<sup>\u00ae<\/sup> EST UNE GAMME PRIM\u00c9E DE RADIATEURS \u00c9LECTRIQUES DE CLASSE MONDIALE\n\t<\/h1>\n\n","protected":false},"excerpt":{"rendered":"<p>\u00c0 PROPOS DE HEATSTRIP\u00ae \u00c0 PROPOS DE HEATSTRIP\u00ae Les chauffages \u00e9lectriques et \u00e0 gaz ext\u00e9rieurs HEATSTRIP\u00ae sont fi\u00e8rement con\u00e7us, fabriqu\u00e9s et fournis en Australie et export\u00e9s sur les march\u00e9s mondiaux. HEATSTRIP\u00ae con\u00e7oit des produits innovants, \u00e9l\u00e9gants et \u00e9conomes en \u00e9nergie depuis 1988. Avec les solutions de chauffage innovantes HEATSTRIP\u00ae, il n&rsquo;est pas n\u00e9cessaire d&rsquo;abandonner l&rsquo;espace [&hellip;]<\/p>\n","protected":false},"author":1,"featured_media":0,"parent":0,"menu_order":0,"comment_status":"closed","ping_status":"closed","template":"","meta":{"site-sidebar-layout":"no-sidebar","site-content-layout":"page-builder","ast-site-content-layout":"default","site-content-style":"default","site-sidebar-style":"default","ast-global-header-display":"","ast-banner-title-visibility":"","ast-main-header-display":"","ast-hfb-above-header-display":"","ast-hfb-below-header-display":"","ast-hfb-mobile-header-display":"","site-post-title":"disabled","ast-breadcrumbs-content":"","ast-featured-img":"disabled","footer-sml-layout":"","ast-disable-related-posts":"","theme-transparent-header-meta":"default","adv-header-id-meta":"","stick-header-meta":"default","header-above-stick-meta":"","header-main-stick-meta":"","header-below-stick-meta":"","astra-migrate-meta-layouts":"default","ast-page-background-enabled":"default","ast-page-background-meta":{"desktop":{"background-color":"var(--ast-global-color-4)","background-image":"","background-repeat":"repeat","background-position":"center center","background-size":"auto","background-attachment":"scroll","background-type":"","background-media":"","overlay-type":"","overlay-color":"","overlay-opacity":"","overlay-gradient":""},"tablet":{"background-color":"","background-image":"","background-repeat":"repeat","background-position":"center center","background-size":"auto","background-attachment":"scroll","background-type":"","background-media":"","overlay-type":"","overlay-color":"","overlay-opacity":"","overlay-gradient":""},"mobile":{"background-color":"","background-image":"","background-repeat":"repeat","background-position":"center center","background-size":"auto","background-attachment":"scroll","background-type":"","background-media":"","overlay-type":"","overlay-color":"","overlay-opacity":"","overlay-gradient":""}},"ast-content-background-meta":{"desktop":{"background-color":"var(--ast-global-color-5)","background-image":"","background-repeat":"repeat","background-position":"center center","background-size":"auto","background-attachment":"scroll","background-type":"","background-media":"","overlay-type":"","overlay-color":"","overlay-opacity":"","overlay-gradient":""},"tablet":{"background-color":"var(--ast-global-color-5)","background-image":"","background-repeat":"repeat","background-position":"center center","background-size":"auto","background-attachment":"scroll","background-type":"","background-media":"","overlay-type":"","overlay-color":"","overlay-opacity":"","overlay-gradient":""},"mobile":{"background-color":"var(--ast-global-color-5)","background-image":"","background-repeat":"repeat","background-position":"center center","background-size":"auto","background-attachment":"scroll","background-type":"","background-media":"","overlay-type":"","overlay-color":"","overlay-opacity":"","overlay-gradient":""}},"footnotes":""},"class_list":["post-9816","page","type-page","status-publish","hentry"],"_links":{"self":[{"href":"https:\/\/heatstrip.com\/fr\/wp-json\/wp\/v2\/pages\/9816","targetHints":{"allow":["GET"]}}],"collection":[{"href":"https:\/\/heatstrip.com\/fr\/wp-json\/wp\/v2\/pages"}],"about":[{"href":"https:\/\/heatstrip.com\/fr\/wp-json\/wp\/v2\/types\/page"}],"author":[{"embeddable":true,"href":"https:\/\/heatstrip.com\/fr\/wp-json\/wp\/v2\/users\/1"}],"replies":[{"embeddable":true,"href":"https:\/\/heatstrip.com\/fr\/wp-json\/wp\/v2\/comments?post=9816"}],"version-history":[{"count":0,"href":"https:\/\/heatstrip.com\/fr\/wp-json\/wp\/v2\/pages\/9816\/revisions"}],"wp:attachment":[{"href":"https:\/\/heatstrip.com\/fr\/wp-json\/wp\/v2\/media?parent=9816"}],"curies":[{"name":"wp","href":"https:\/\/api.w.org\/{rel}","templated":true}]}}