{"id":9818,"date":"2022-02-08T21:49:04","date_gmt":"2022-02-08T10:49:04","guid":{"rendered":"https:\/\/heatstrip.com\/temoignages\/"},"modified":"2024-09-11T10:20:51","modified_gmt":"2024-09-11T00:20:51","slug":"temoignages","status":"publish","type":"page","link":"https:\/\/heatstrip.com\/fr\/temoignages\/","title":{"rendered":"T\u00c9MOIGNAGES"},"content":{"rendered":"\n<h2>\n\t\tAVIS ET T\u00c9MOIGNAGES\n\t<\/h2>\n\t\t\t\t\t\t\t<p>\u00ab\u00a0Lors de la cr\u00e9ation de pi\u00e8ces ext\u00e9rieures et de paysages sophistiqu\u00e9s et intemporels, l&rsquo;esth\u00e9tique \u00e0 fort impact et toute l&rsquo;ann\u00e9e sont au premier plan de notre intention de conception. La gamme HEATSTRIP<sup>\u00ae<\/sup> de Thermofilm Australia est parfaitement adapt\u00e9e \u00e0 nos projets car ils r\u00e9pondent \u00e0 nos exigences de conception \u00e0 la fois sur le plan visuel et pratique. Leur profil moderne, mince et discret et la chaleur rayonnante parfaitement \u00e9quilibr\u00e9e de nos espaces ext\u00e9rieurs multi-prim\u00e9s \u00e9tendent leur convivialit\u00e9 en toutes saisons.\u00a0\u00bb  <\/p>\t\t\t\t\t\t\n\t\t\t\t\t\t\t\t<h3 class='uabb-testimonial-author-name testimonial-author-name'>Steve Taylor<\/h3>\t\t\t\t\t\t\t\t\n\t\t\t\t\t\t\t\t\tCreative Outdoor Solutions Design\t\t\t\t\t\t\t\t\n\t\t\t\t\t\t\t<p>\u00ab\u00a0Nous sommes tr\u00e8s satisfaits de l&rsquo;efficacit\u00e9 \u00e9nerg\u00e9tique et de la performance des unit\u00e9s HEATSTRIP<sup>\u00ae<\/sup>. Ils ont une grande couverture avec une puissance minimale. Leur indice de protection IP est \u00e9galement un plus en raison des pulv\u00e9risations d&rsquo;eau possibles lors du nettoyage des \u00e9l\u00e9phants. \u00a0\u00bb  <\/p>\t\t\t\t\t\t\n\t\t\t\t\t\t\t\t<h3 class='uabb-testimonial-author-name testimonial-author-name'>Kiam Yoong<\/h3>\t\t\t\t\t\t\t\t\n\t\t\t\t\t\t\t\t\tManager Environmental Sustainability at Melbourne Zoo, VIC.\t\t\t\t\t\t\t\t\n\t\t\t\t\t\t\t<p>\u00ab\u00a0C&rsquo;est le meilleur type de chauffage pour pratiquer le yoga chaud sous. Il n&rsquo;y a pas de bruit g\u00eanant, ou d&rsquo;air chaud irritant soufflant sur vous. Juste une chaleur p\u00e9n\u00e9trante profonde qui s&rsquo;enfonce dans les muscles et les os.\u00a0\u00bb<\/p>\t\t\t\t\t\t\n\t\t\t\t\t\t\t\t<h3 class='uabb-testimonial-author-name testimonial-author-name'>Michael Kubitzky<\/h3>\t\t\t\t\t\t\t\t\n\t\t\t\t\t\t\t\t\tFounding Director, Hot Power Yoga, Newcastle, NSW.\t\t\t\t\t\t\t\t\n\t\t\t\t\t\t\t<p>\u00ab\u00a0Le HEATSTRIP<sup>\u00ae<\/sup> nous a permis de nous divertir \u00e0 l&rsquo;ext\u00e9rieur 12 mois par an et son design \u00e9l\u00e9gant suscite toujours des commentaires et des compliments de la part de nos amis. Bravo Thermofilm pour la production d&rsquo;un produit de qualit\u00e9 fabriqu\u00e9 en Australie avec le m\u00e9lange parfait de style et de fonctions. \u00a0\u00bb <\/p>\t\t\t\t\t\t\n\t\t\t\t\t\t\t\t<h3 class='uabb-testimonial-author-name testimonial-author-name'>Don S.<\/h3>\t\t\t\t\t\t\t\t\n\t<h1>\n\t\tHEATSTRIP<sup>\u00ae<\/sup> EST UNE GAMME PRIM\u00c9E DE RADIATEURS \u00c9LECTRIQUES DE CLASSE MONDIALE\n\t<\/h1>\n\n","protected":false},"excerpt":{"rendered":"<p>AVIS ET T\u00c9MOIGNAGES \u00ab\u00a0Lors de la cr\u00e9ation de pi\u00e8ces ext\u00e9rieures et de paysages sophistiqu\u00e9s et intemporels, l&rsquo;esth\u00e9tique \u00e0 fort impact et toute l&rsquo;ann\u00e9e sont au premier plan de notre intention de conception. La gamme HEATSTRIP\u00ae de Thermofilm Australia est parfaitement adapt\u00e9e \u00e0 nos projets car ils r\u00e9pondent \u00e0 nos exigences de conception \u00e0 la fois [&hellip;]<\/p>\n","protected":false},"author":1,"featured_media":0,"parent":0,"menu_order":0,"comment_status":"closed","ping_status":"closed","template":"","meta":{"site-sidebar-layout":"no-sidebar","site-content-layout":"page-builder","ast-site-content-layout":"default","site-content-style":"default","site-sidebar-style":"default","ast-global-header-display":"","ast-banner-title-visibility":"","ast-main-header-display":"","ast-hfb-above-header-display":"","ast-hfb-below-header-display":"","ast-hfb-mobile-header-display":"","site-post-title":"disabled","ast-breadcrumbs-content":"","ast-featured-img":"disabled","footer-sml-layout":"","ast-disable-related-posts":"","theme-transparent-header-meta":"default","adv-header-id-meta":"","stick-header-meta":"default","header-above-stick-meta":"","header-main-stick-meta":"","header-below-stick-meta":"","astra-migrate-meta-layouts":"default","ast-page-background-enabled":"default","ast-page-background-meta":{"desktop":{"background-color":"var(--ast-global-color-4)","background-image":"","background-repeat":"repeat","background-position":"center center","background-size":"auto","background-attachment":"scroll","background-type":"","background-media":"","overlay-type":"","overlay-color":"","overlay-opacity":"","overlay-gradient":""},"tablet":{"background-color":"","background-image":"","background-repeat":"repeat","background-position":"center center","background-size":"auto","background-attachment":"scroll","background-type":"","background-media":"","overlay-type":"","overlay-color":"","overlay-opacity":"","overlay-gradient":""},"mobile":{"background-color":"","background-image":"","background-repeat":"repeat","background-position":"center center","background-size":"auto","background-attachment":"scroll","background-type":"","background-media":"","overlay-type":"","overlay-color":"","overlay-opacity":"","overlay-gradient":""}},"ast-content-background-meta":{"desktop":{"background-color":"var(--ast-global-color-5)","background-image":"","background-repeat":"repeat","background-position":"center center","background-size":"auto","background-attachment":"scroll","background-type":"","background-media":"","overlay-type":"","overlay-color":"","overlay-opacity":"","overlay-gradient":""},"tablet":{"background-color":"var(--ast-global-color-5)","background-image":"","background-repeat":"repeat","background-position":"center center","background-size":"auto","background-attachment":"scroll","background-type":"","background-media":"","overlay-type":"","overlay-color":"","overlay-opacity":"","overlay-gradient":""},"mobile":{"background-color":"var(--ast-global-color-5)","background-image":"","background-repeat":"repeat","background-position":"center center","background-size":"auto","background-attachment":"scroll","background-type":"","background-media":"","overlay-type":"","overlay-color":"","overlay-opacity":"","overlay-gradient":""}},"footnotes":""},"class_list":["post-9818","page","type-page","status-publish","hentry"],"_links":{"self":[{"href":"https:\/\/heatstrip.com\/fr\/wp-json\/wp\/v2\/pages\/9818","targetHints":{"allow":["GET"]}}],"collection":[{"href":"https:\/\/heatstrip.com\/fr\/wp-json\/wp\/v2\/pages"}],"about":[{"href":"https:\/\/heatstrip.com\/fr\/wp-json\/wp\/v2\/types\/page"}],"author":[{"embeddable":true,"href":"https:\/\/heatstrip.com\/fr\/wp-json\/wp\/v2\/users\/1"}],"replies":[{"embeddable":true,"href":"https:\/\/heatstrip.com\/fr\/wp-json\/wp\/v2\/comments?post=9818"}],"version-history":[{"count":0,"href":"https:\/\/heatstrip.com\/fr\/wp-json\/wp\/v2\/pages\/9818\/revisions"}],"wp:attachment":[{"href":"https:\/\/heatstrip.com\/fr\/wp-json\/wp\/v2\/media?parent=9818"}],"curies":[{"name":"wp","href":"https:\/\/api.w.org\/{rel}","templated":true}]}}