{"id":9822,"date":"2022-02-09T02:02:51","date_gmt":"2022-02-08T15:02:51","guid":{"rendered":"https:\/\/heatstrip.com\/galerie\/"},"modified":"2024-08-29T19:11:06","modified_gmt":"2024-08-29T09:11:06","slug":"galerie","status":"publish","type":"page","link":"https:\/\/heatstrip.com\/fr\/galerie\/","title":{"rendered":"Galerie"},"content":{"rendered":"\n<h2>\n\t\tGALLERIE\n\t<\/h2>\n\t<h1>\n\t\t\t\tRADIATEURS POLYVALENTS HEATSTRIP<sup>\u00ae<\/sup> \n\t\t\t<\/h1>\n\t\t\t<p>HEATSTRIP<sup>\u00ae<\/sup> est un leader mondial des chauffages int\u00e9rieurs et ext\u00e9rieurs \u00e9l\u00e9gants, y compris les chauffages muraux de patio et les chauffages \u00e9lectriques \u00e0 bande.\nCes appareils de chauffage ont \u00e9t\u00e9 utilis\u00e9s dans une grande vari\u00e9t\u00e9 d\u2019applications, des zones de restauration et de loisirs en plein air aux patios et aux piscines. Jetez un coup d\u2019\u0153il \u00e0 notre galerie pour trouver de l\u2019inspiration.\n<\/p>\t\n<h1>\n\t\tHEATSTRIP<sup>\u00ae<\/sup> EST UNE GAMME PRIM\u00c9E ET DE CLASSE MONDIALE DE RADIATEURS \u00c9LECTRIQUES\n\t<\/h1>\n\n","protected":false},"excerpt":{"rendered":"<p>GALLERIE RADIATEURS POLYVALENTS HEATSTRIP\u00ae HEATSTRIP\u00ae est un leader mondial des chauffages int\u00e9rieurs et ext\u00e9rieurs \u00e9l\u00e9gants, y compris les chauffages muraux de patio et les chauffages \u00e9lectriques \u00e0 bande. Ces appareils de chauffage ont \u00e9t\u00e9 utilis\u00e9s dans une grande vari\u00e9t\u00e9 d\u2019applications, des zones de restauration et de loisirs en plein air aux patios et aux piscines. [&hellip;]<\/p>\n","protected":false},"author":1,"featured_media":0,"parent":0,"menu_order":0,"comment_status":"closed","ping_status":"closed","template":"","meta":{"site-sidebar-layout":"no-sidebar","site-content-layout":"page-builder","ast-site-content-layout":"default","site-content-style":"default","site-sidebar-style":"default","ast-global-header-display":"","ast-banner-title-visibility":"","ast-main-header-display":"","ast-hfb-above-header-display":"","ast-hfb-below-header-display":"","ast-hfb-mobile-header-display":"","site-post-title":"disabled","ast-breadcrumbs-content":"","ast-featured-img":"disabled","footer-sml-layout":"","ast-disable-related-posts":"","theme-transparent-header-meta":"default","adv-header-id-meta":"","stick-header-meta":"default","header-above-stick-meta":"","header-main-stick-meta":"","header-below-stick-meta":"","astra-migrate-meta-layouts":"default","ast-page-background-enabled":"default","ast-page-background-meta":{"desktop":{"background-color":"var(--ast-global-color-4)","background-image":"","background-repeat":"repeat","background-position":"center center","background-size":"auto","background-attachment":"scroll","background-type":"","background-media":"","overlay-type":"","overlay-color":"","overlay-opacity":"","overlay-gradient":""},"tablet":{"background-color":"","background-image":"","background-repeat":"repeat","background-position":"center center","background-size":"auto","background-attachment":"scroll","background-type":"","background-media":"","overlay-type":"","overlay-color":"","overlay-opacity":"","overlay-gradient":""},"mobile":{"background-color":"","background-image":"","background-repeat":"repeat","background-position":"center center","background-size":"auto","background-attachment":"scroll","background-type":"","background-media":"","overlay-type":"","overlay-color":"","overlay-opacity":"","overlay-gradient":""}},"ast-content-background-meta":{"desktop":{"background-color":"var(--ast-global-color-5)","background-image":"","background-repeat":"repeat","background-position":"center center","background-size":"auto","background-attachment":"scroll","background-type":"","background-media":"","overlay-type":"","overlay-color":"","overlay-opacity":"","overlay-gradient":""},"tablet":{"background-color":"var(--ast-global-color-5)","background-image":"","background-repeat":"repeat","background-position":"center center","background-size":"auto","background-attachment":"scroll","background-type":"","background-media":"","overlay-type":"","overlay-color":"","overlay-opacity":"","overlay-gradient":""},"mobile":{"background-color":"var(--ast-global-color-5)","background-image":"","background-repeat":"repeat","background-position":"center center","background-size":"auto","background-attachment":"scroll","background-type":"","background-media":"","overlay-type":"","overlay-color":"","overlay-opacity":"","overlay-gradient":""}},"footnotes":""},"class_list":["post-9822","page","type-page","status-publish","hentry"],"_links":{"self":[{"href":"https:\/\/heatstrip.com\/fr\/wp-json\/wp\/v2\/pages\/9822","targetHints":{"allow":["GET"]}}],"collection":[{"href":"https:\/\/heatstrip.com\/fr\/wp-json\/wp\/v2\/pages"}],"about":[{"href":"https:\/\/heatstrip.com\/fr\/wp-json\/wp\/v2\/types\/page"}],"author":[{"embeddable":true,"href":"https:\/\/heatstrip.com\/fr\/wp-json\/wp\/v2\/users\/1"}],"replies":[{"embeddable":true,"href":"https:\/\/heatstrip.com\/fr\/wp-json\/wp\/v2\/comments?post=9822"}],"version-history":[{"count":0,"href":"https:\/\/heatstrip.com\/fr\/wp-json\/wp\/v2\/pages\/9822\/revisions"}],"wp:attachment":[{"href":"https:\/\/heatstrip.com\/fr\/wp-json\/wp\/v2\/media?parent=9822"}],"curies":[{"name":"wp","href":"https:\/\/api.w.org\/{rel}","templated":true}]}}