{"id":9824,"date":"2022-02-10T02:14:37","date_gmt":"2022-02-09T15:14:37","guid":{"rendered":"https:\/\/heatstrip.com\/faq\/"},"modified":"2024-09-11T10:32:36","modified_gmt":"2024-09-11T00:32:36","slug":"faq","status":"publish","type":"page","link":"https:\/\/heatstrip.com\/fr\/faq\/","title":{"rendered":"FAQ"},"content":{"rendered":"\n\n\t<h2>\n\t\t\t\tFAQ\n\t\t\t<\/h2>\n\t\t\t<p>FOIRE AUX QUESTIONS<\/p>\t\n\t\t\t\t\t\t<h2>QU&rsquo;EST-CE QUE LA CHALEUR RADIANTE ET CONVECTIVE?<\/h2>\n\t\t\t<p>CHAUFFAGE RADIANT<br \/>Le chauffage radiant implique le transfert direct de chaleur aux objets et aux personnes par le biais des ondes infrarouges. Le chauffage radiant r\u00e9chauffe les surfaces des objets eux-m\u00eames, tandis que le chauffage par convection chauffe l&rsquo;air entre les objets. Les radiateurs produisent une chaleur uniforme en utilisant un minimum d&rsquo;\u00e9nergie, car ils ne n\u00e9cessitent pas que les ventilateurs distribuent la chaleur de la m\u00eame mani\u00e8re que les appareils de chauffage par convection. Dans les grands espaces int\u00e9rieurs ouverts, le chauffage radiant est extr\u00eamement efficace, car il fournit une chaleur cibl\u00e9e aux personnes et aux objets situ\u00e9s en dessous, et permet de r\u00e9partir la chaleur par zones. Le chauffage radiant est la seule option viable pour chauffer les espaces ext\u00e9rieurs o\u00f9 il y a un mouvement d&rsquo;air consid\u00e9rable.<br \/>CHAUFFAGE PAR CONVECTION<br \/>Le chauffage par convection consiste \u00e0 chauffer l&rsquo;air entourant les objets dans un espace. Utilisant le mouvement naturel de l&rsquo;air, le chauffage par convection peut \u00eatre une m\u00e9thode rapide et efficace pour chauffer de petits espaces clos et bien isol\u00e9s tels que les chambres, les salons, les salles de classe et les bureaux. Cependant, le chauffage par convection peut s&rsquo;av\u00e9rer peu pratique et inefficace pour chauffer de grands espaces ouverts avec de hauts plafonds et une mauvaise isolation, tels que les halls, les biblioth\u00e8ques, les magasins, les grandes salles de classe, les restaurants, les bureaux et les studios ouverts, etc., car l&rsquo;air chauff\u00e9 monte vers le haut ou est perdu \u00e0 cause d&rsquo;une mauvaise isolation, au lieu de rester dans l&rsquo;espace occup\u00e9 par les personnes.      <\/p>\n\t\t\t\t\t\t<h2>POURQUOI CHOISIR LES CHAUFFAGES RADIANTS HEATSTRIP<sup>\u00ae<\/sup>?<\/h2>\n\t\t\t<p>De nombreux appareils de chauffage conventionnels reposent sur le chauffage par convection qui fonctionne en chauffant l&rsquo;air ambiant. Comme il y a g\u00e9n\u00e9ralement un mouvement d&rsquo;air constant dans une zone ext\u00e9rieure ou int\u00e9rieure ouverte, cela peut \u00eatre tr\u00e8s peu pratique, car cet air chauff\u00e9 peut facilement se dissiper avec le mouvement d&rsquo;air naturel. Les radiateurs \u00e0 rayonnement transf\u00e8rent la chaleur directement aux objets par le biais d&rsquo;ondes infrarouges chauffant la surface des objets eux-m\u00eames, tandis que les radiateurs \u00e0 convection chauffent l&rsquo;air entre les objets. Les radiateurs \u00e9lectriques HEATSTRIP<sup>\u00ae<\/sup> sont plus efficaces dans un espace ext\u00e9rieur ou int\u00e9rieur, car ils fournissent une chaleur cibl\u00e9e directement aux personnes et aux objets sur leur chemin. Le chauffage radiant de HEATSTRIP<sup>\u00ae<\/sup> peut fournir un chauffage de confort efficace et \u00e9conome en \u00e9nergie pour les espaces ouverts ext\u00e9rieurs et int\u00e9rieurs. HEATSTRIP<sup>\u00ae<\/sup> a permis \u00e0 de nombreux \u00e9tablissements de divertissement tels que des restaurants, des bars et des clubs d&rsquo;utiliser leurs espaces de restauration en plein air de jour comme de nuit, en toutes saisons. Sur votre lieu de travail ou dans votre entreprise, HEATSTRIP<sup>\u00ae<\/sup> peut fournir un chauffage de confort pour les zones ext\u00e9rieures r\u00e9serv\u00e9es aux fumeurs et aux loisirs, ainsi que pour le chauffage ponctuel des postes de travail dans les usines, les entrep\u00f4ts et les salles d&rsquo;exposition. \u00c0 la maison, HEATSTRIP<sup>\u00ae<\/sup> peut fournir un chauffage de confort pour les d\u00eeners en plein air et les barbecues, les terrasses, les v\u00e9randas, les cours et les balcons. Les appareils de chauffage HEATSTRIP<sup>\u00ae<\/sup> sont con\u00e7us et fabriqu\u00e9s en Australie, avec un support et un service locaux, vous offrant l&rsquo;assurance que vous achetez un produit de qualit\u00e9.        <\/p>\n\t\t\t\t\t\t<h2>O\u00d9 ACHETER?<\/h2>\n\t\t\t<p>D\u00e9couvrez o\u00f9 acheter <a href=\"https:\/\/heatstrip.com\/fr\/localisateur-de-concessionnaires\/\">ici<\/a><\/p>\n\t\t\t\t\t\t<h2>COMMENT CHAUFFER MON ESPACE EXT\u00c9RIEUR?<\/h2>\n\t\t\t<p>Pour la majorit\u00e9 des applications ext\u00e9rieures, la m\u00e9thode la plus efficace consiste \u00e0 chauffer localement une table ou une surface similaire. Les diagrammes de positionnement figurant dans les pages des produits fournissent un guide de s\u00e9lection facile pour d\u00e9terminer le mod\u00e8le approximatif et la quantit\u00e9 d&rsquo;unit\u00e9s de chauffage n\u00e9cessaires pour r\u00e9chauffer les configurations r\u00e9sidentielles les plus courantes. Veuillez vous r\u00e9f\u00e9rer aux manuels du produit HEATSTRIP<sup>\u00ae<\/sup> dans les pages des produits pour plus d&rsquo;informations. Ou visitez la page <a href=\"https:\/\/heatstrip.com\/fr\/telechargement\/\">T\u00e9l\u00e9chargements.<\/a><\/p>\n<h2>\n\t\tHEATSTRIP<sup>\u00ae<\/sup> EST UNE GAMME PRIM\u00c9E ET DE CLASSE MONDIALE DE RADIATEURS \u00c9LECTRIQUES\n\t<\/h2>\n\n","protected":false},"excerpt":{"rendered":"<p>FAQ FOIRE AUX QUESTIONS QU&rsquo;EST-CE QUE LA CHALEUR RADIANTE ET CONVECTIVE? CHAUFFAGE RADIANTLe chauffage radiant implique le transfert direct de chaleur aux objets et aux personnes par le biais des ondes infrarouges. Le chauffage radiant r\u00e9chauffe les surfaces des objets eux-m\u00eames, tandis que le chauffage par convection chauffe l&rsquo;air entre les objets. Les radiateurs produisent [&hellip;]<\/p>\n","protected":false},"author":1,"featured_media":0,"parent":0,"menu_order":0,"comment_status":"closed","ping_status":"closed","template":"","meta":{"site-sidebar-layout":"no-sidebar","site-content-layout":"page-builder","ast-site-content-layout":"default","site-content-style":"default","site-sidebar-style":"default","ast-global-header-display":"","ast-banner-title-visibility":"","ast-main-header-display":"","ast-hfb-above-header-display":"","ast-hfb-below-header-display":"","ast-hfb-mobile-header-display":"","site-post-title":"disabled","ast-breadcrumbs-content":"","ast-featured-img":"disabled","footer-sml-layout":"","ast-disable-related-posts":"","theme-transparent-header-meta":"default","adv-header-id-meta":"","stick-header-meta":"default","header-above-stick-meta":"","header-main-stick-meta":"","header-below-stick-meta":"","astra-migrate-meta-layouts":"default","ast-page-background-enabled":"default","ast-page-background-meta":{"desktop":{"background-color":"var(--ast-global-color-4)","background-image":"","background-repeat":"repeat","background-position":"center center","background-size":"auto","background-attachment":"scroll","background-type":"","background-media":"","overlay-type":"","overlay-color":"","overlay-opacity":"","overlay-gradient":""},"tablet":{"background-color":"","background-image":"","background-repeat":"repeat","background-position":"center center","background-size":"auto","background-attachment":"scroll","background-type":"","background-media":"","overlay-type":"","overlay-color":"","overlay-opacity":"","overlay-gradient":""},"mobile":{"background-color":"","background-image":"","background-repeat":"repeat","background-position":"center center","background-size":"auto","background-attachment":"scroll","background-type":"","background-media":"","overlay-type":"","overlay-color":"","overlay-opacity":"","overlay-gradient":""}},"ast-content-background-meta":{"desktop":{"background-color":"var(--ast-global-color-5)","background-image":"","background-repeat":"repeat","background-position":"center center","background-size":"auto","background-attachment":"scroll","background-type":"","background-media":"","overlay-type":"","overlay-color":"","overlay-opacity":"","overlay-gradient":""},"tablet":{"background-color":"var(--ast-global-color-5)","background-image":"","background-repeat":"repeat","background-position":"center center","background-size":"auto","background-attachment":"scroll","background-type":"","background-media":"","overlay-type":"","overlay-color":"","overlay-opacity":"","overlay-gradient":""},"mobile":{"background-color":"var(--ast-global-color-5)","background-image":"","background-repeat":"repeat","background-position":"center center","background-size":"auto","background-attachment":"scroll","background-type":"","background-media":"","overlay-type":"","overlay-color":"","overlay-opacity":"","overlay-gradient":""}},"footnotes":""},"class_list":["post-9824","page","type-page","status-publish","hentry"],"_links":{"self":[{"href":"https:\/\/heatstrip.com\/fr\/wp-json\/wp\/v2\/pages\/9824","targetHints":{"allow":["GET"]}}],"collection":[{"href":"https:\/\/heatstrip.com\/fr\/wp-json\/wp\/v2\/pages"}],"about":[{"href":"https:\/\/heatstrip.com\/fr\/wp-json\/wp\/v2\/types\/page"}],"author":[{"embeddable":true,"href":"https:\/\/heatstrip.com\/fr\/wp-json\/wp\/v2\/users\/1"}],"replies":[{"embeddable":true,"href":"https:\/\/heatstrip.com\/fr\/wp-json\/wp\/v2\/comments?post=9824"}],"version-history":[{"count":0,"href":"https:\/\/heatstrip.com\/fr\/wp-json\/wp\/v2\/pages\/9824\/revisions"}],"wp:attachment":[{"href":"https:\/\/heatstrip.com\/fr\/wp-json\/wp\/v2\/media?parent=9824"}],"curies":[{"name":"wp","href":"https:\/\/api.w.org\/{rel}","templated":true}]}}