{"id":9828,"date":"2022-02-10T22:11:26","date_gmt":"2022-02-10T11:11:26","guid":{"rendered":"https:\/\/heatstrip.com\/contacter\/"},"modified":"2025-10-07T16:44:55","modified_gmt":"2025-10-07T05:44:55","slug":"contact","status":"publish","type":"page","link":"https:\/\/heatstrip.com\/fr\/contact\/","title":{"rendered":"Contacter"},"content":{"rendered":"\n<h2>\n\t\tCONTACTER HEATSTRIP<sup>\u00ae<\/sup>\n\t<\/h2>\n<h2>\n\t\tBesoin d&rsquo;un peu d&rsquo;aide?\n\t<\/h2>\n\t<p>Besoin d&rsquo;aide pour savoir quel appareil de chauffage convient le mieux \u00e0 votre espace? Besoin d&rsquo;aide pour d\u00e9terminer quel appareil de chauffage convient le mieux \u00e0 votre logement? Utilisez notre sp\u00e9cificateur Heatstrip<sup>\u00ae <\/sup>pour t\u00e9l\u00e9charger des photos ou des plans de votre zone afin que nous puissions vous proposer la meilleure solution.<\/p>\n\t\t\t<a href=\"https:\/\/heatstrip.com\/fr\/besoin-daide\/\" target=\"_self\" rel=\"noopener\">\n\t\t\t\t\t\t\tCOMMENCER\n\t\t\t\t\t<\/a>\n\t<h1>\n\t\t\t\tNOUS JOINDRE\n\t\t\t<\/h1>\n\t<p>FAIRE UNE DEMANDE<\/p>\n\t<p>O\u00d9 NOUS JOINDRE<\/p>\n\t\t\t <p>AMD Direct Inc.<br \/>14520 Delta Lane, Ste 105, Huntington Beach, CA 92647<\/p>\t\t\n\t\t\t <p>800-966-8126<\/p>\t\t\n\t\t\t <p><a href=\"mailto:customercare@amddirect.com\">customercare@amddirect.com<\/a><\/p>\t\t\n\t\t\t <p>Demandes pour les nouveaux d\u00e9taillants &#8211; <a href=\"mailto:Dsmith@amddirectinc.com\">dsmith@amddirectinc.com<\/a><\/p>\t\t\n\t<h1>\n\t\tHEATSTRIP<sup>\u00ae<\/sup> EST UNE GAMME PRIM\u00c9E DE RADIATEURS \u00c9LECTRIQUES DE CLASSE MONDIALE\n\t<\/h1>\n\n","protected":false},"excerpt":{"rendered":"<p>CONTACTER HEATSTRIP\u00ae Besoin d&rsquo;un peu d&rsquo;aide? Besoin d&rsquo;aide pour savoir quel appareil de chauffage convient le mieux \u00e0 votre espace? Besoin d&rsquo;aide pour d\u00e9terminer quel appareil de chauffage convient le mieux \u00e0 votre logement? Utilisez notre sp\u00e9cificateur Heatstrip\u00ae pour t\u00e9l\u00e9charger des photos ou des plans de votre zone afin que nous puissions vous proposer la [&hellip;]<\/p>\n","protected":false},"author":5,"featured_media":0,"parent":0,"menu_order":0,"comment_status":"closed","ping_status":"closed","template":"","meta":{"site-sidebar-layout":"no-sidebar","site-content-layout":"page-builder","ast-site-content-layout":"default","site-content-style":"default","site-sidebar-style":"default","ast-global-header-display":"","ast-banner-title-visibility":"","ast-main-header-display":"","ast-hfb-above-header-display":"","ast-hfb-below-header-display":"","ast-hfb-mobile-header-display":"","site-post-title":"disabled","ast-breadcrumbs-content":"","ast-featured-img":"disabled","footer-sml-layout":"","ast-disable-related-posts":"","theme-transparent-header-meta":"default","adv-header-id-meta":"","stick-header-meta":"default","header-above-stick-meta":"","header-main-stick-meta":"","header-below-stick-meta":"","astra-migrate-meta-layouts":"default","ast-page-background-enabled":"default","ast-page-background-meta":{"desktop":{"background-color":"var(--ast-global-color-4)","background-image":"","background-repeat":"repeat","background-position":"center center","background-size":"auto","background-attachment":"scroll","background-type":"","background-media":"","overlay-type":"","overlay-color":"","overlay-opacity":"","overlay-gradient":""},"tablet":{"background-color":"","background-image":"","background-repeat":"repeat","background-position":"center center","background-size":"auto","background-attachment":"scroll","background-type":"","background-media":"","overlay-type":"","overlay-color":"","overlay-opacity":"","overlay-gradient":""},"mobile":{"background-color":"","background-image":"","background-repeat":"repeat","background-position":"center center","background-size":"auto","background-attachment":"scroll","background-type":"","background-media":"","overlay-type":"","overlay-color":"","overlay-opacity":"","overlay-gradient":""}},"ast-content-background-meta":{"desktop":{"background-color":"var(--ast-global-color-5)","background-image":"","background-repeat":"repeat","background-position":"center center","background-size":"auto","background-attachment":"scroll","background-type":"","background-media":"","overlay-type":"","overlay-color":"","overlay-opacity":"","overlay-gradient":""},"tablet":{"background-color":"var(--ast-global-color-5)","background-image":"","background-repeat":"repeat","background-position":"center center","background-size":"auto","background-attachment":"scroll","background-type":"","background-media":"","overlay-type":"","overlay-color":"","overlay-opacity":"","overlay-gradient":""},"mobile":{"background-color":"var(--ast-global-color-5)","background-image":"","background-repeat":"repeat","background-position":"center center","background-size":"auto","background-attachment":"scroll","background-type":"","background-media":"","overlay-type":"","overlay-color":"","overlay-opacity":"","overlay-gradient":""}},"footnotes":""},"class_list":["post-9828","page","type-page","status-publish","hentry"],"_links":{"self":[{"href":"https:\/\/heatstrip.com\/fr\/wp-json\/wp\/v2\/pages\/9828","targetHints":{"allow":["GET"]}}],"collection":[{"href":"https:\/\/heatstrip.com\/fr\/wp-json\/wp\/v2\/pages"}],"about":[{"href":"https:\/\/heatstrip.com\/fr\/wp-json\/wp\/v2\/types\/page"}],"author":[{"embeddable":true,"href":"https:\/\/heatstrip.com\/fr\/wp-json\/wp\/v2\/users\/5"}],"replies":[{"embeddable":true,"href":"https:\/\/heatstrip.com\/fr\/wp-json\/wp\/v2\/comments?post=9828"}],"version-history":[{"count":0,"href":"https:\/\/heatstrip.com\/fr\/wp-json\/wp\/v2\/pages\/9828\/revisions"}],"wp:attachment":[{"href":"https:\/\/heatstrip.com\/fr\/wp-json\/wp\/v2\/media?parent=9828"}],"curies":[{"name":"wp","href":"https:\/\/api.w.org\/{rel}","templated":true}]}}