{"id":9851,"date":"2023-03-21T23:53:40","date_gmt":"2023-03-21T12:53:40","guid":{"rendered":"https:\/\/heatstrip.com\/technologie-de-lapplication\/"},"modified":"2024-10-25T11:30:23","modified_gmt":"2024-10-25T00:30:23","slug":"technologie-de-lapplication","status":"publish","type":"page","link":"https:\/\/heatstrip.com\/fr\/technologie-de-lapplication\/","title":{"rendered":"Technologie de l&rsquo;application"},"content":{"rendered":"\n<h2>\n\t\tTechnologie de l&rsquo;application\n\t<\/h2>\n\t<h1>\n\t\t\t\tINNOVATION HEATSTRIP<sup>\u00ae<\/sup>\n\t\t\t<\/h1>\n\t\t\t<p>Chez HEATSTRIP<sup>\u00ae<\/sup>, nous pensons que le <b>design<\/b> et la <strong>technologie<\/strong> vont de pair. C&rsquo;est pourquoi nous avons cr\u00e9\u00e9 des appareils de chauffage \u00e9l\u00e9gants, minces et modernes qui offrent non seulement les derni\u00e8res technologies connect\u00e9es intelligentes, mais qui ont \u00e9galement fi\u00e8re allure! Gr\u00e2ce \u00e0 notre approche innovante, vous n&rsquo;avez plus \u00e0 choisir entre style et fonctionnalit\u00e9. Nos appareils de chauffage offrent le meilleur des deux mondes, offrant une technologie haut de gamme avec un design \u00e9l\u00e9gant et attrayant qui compl\u00e8te n&rsquo;importe quel espace.<\/p>\t\n\t\t\t<img decoding=\"async\" loading='false' src=\"https:\/\/heatstrip.com\/wp-content\/uploads\/2023\/03\/Classic-with-Remote-and-App-1.jpg\" alt=\"\" \/>\t\t\t\n\t\t\t\t<h2>HEATSTRIP<sup>\u00ae<\/sup> CLASSIQUE<br \/>AVEC T\u00c9L\u00c9COMMANDE ET APPLICATION<br \/>EN SAVOIR PLUS<\/h2>\n\t\t\t<a href=\"\/blog\/heatstrip-product\/heatstrip-classic-with-remote-and-app\/\" target=\"_self\" rel=\"noopener\">\n\t\t\t\t\t\t\tD\u00c9COUVRIR PLUS\n\t\t\t\t\t<\/a>\n\t\t\t<img decoding=\"async\" loading='false' src=\"https:\/\/heatstrip.com\/wp-content\/uploads\/2023\/03\/Intense-with-Remote-and-App-1.jpg\" alt=\"\" \/>\t\t\t\n\t\t\t\t<h2>HEATSTRIP<sup>\u00ae<\/sup> INTENSE<br \/>AVEC T\u00c9L\u00c9COMMANDE ET APPLICATION<br \/>EN SAVOIR PLUS<\/h2>\n\t\t\t<a href=\"\/blog\/heatstrip-product\/heatstrip-intense-with-remote-app\/\" target=\"_self\" rel=\"noopener\">\n\t\t\t\t\t\t\tD\u00c9COUVRIR PLUS\n\t\t\t\t\t<\/a>\n\t\t\t<img decoding=\"async\" loading='false' src=\"https:\/\/heatstrip.com\/wp-content\/uploads\/2023\/03\/Enhance-with-Remote-and-App-1.jpg\" alt=\"Enhance with remote &amp; app\" \/>\t\t\t\n\t\t\t\t<h2>HEATSTRIP<sup>\u00ae<\/sup> OPTIMIS\u00c9<br \/>AVEC T\u00c9L\u00c9COMMANDE ET APPLICATION<br \/>EN SAVOIR PLUS<\/h2>\n\t\t\t<a href=\"\/blog\/heatstrip-product\/heatstrip-enhance-remote-app\/\" target=\"_self\" rel=\"noopener\">\n\t\t\t\t\t\t\tD\u00c9COUVRIR PLUS\n\t\t\t\t\t<\/a>\n\t\t\t\t<a href=\"#\" aria-label=\"previous\" role=\"button\">\n<\/a>\n\t\t\t\t<a href=\"#\" aria-label=\"next\" role=\"button\">\n<\/a>\n\t<h2>\n\t\t\t\tCONTR\u00d4LE PRATIQUE\n\t\t\t<\/h2>\n\t\t\t<p>Gr\u00e2ce \u00e0 ses capacit\u00e9s connect\u00e9es intelligentes, les clients peuvent facilement ajuster la temp\u00e9rature de leur HEATSTRIP<sup>\u00ae<\/sup> avec la t\u00e9l\u00e9commande et le contr\u00f4le de l&rsquo;application de n&rsquo;importe o\u00f9 dans la pi\u00e8ce ou m\u00eame \u00e0 distance via leur t\u00e9l\u00e9phone intelligent. Cette fonction de contr\u00f4le pratique signifie que les clients n&rsquo;ont pas \u00e0 se lever et \u00e0 r\u00e9gler manuellement le chauffage, offrant une exp\u00e9rience plus confortable et sans tracas.<\/p>\t\n\t<h2>\n\t\t\t\tS\u00c9CURIT\u00c9 ACCRUE\n\t\t\t<\/h2>\n\t\t\t<p>Avec la t\u00e9l\u00e9commande et le contr\u00f4le par l&rsquo;application HEATSTRIP<sup>\u00ae<\/sup>, les clients peuvent b\u00e9n\u00e9ficier de fonctions de s\u00e9curit\u00e9 am\u00e9lior\u00e9es qui leur permettent d&rsquo;arr\u00eater facilement et rapidement le chauffage s&rsquo;ils oublient de le faire avant de quitter leur domicile. Cette fonctionnalit\u00e9 offre une tranquillit\u00e9 d&rsquo;esprit et une couche suppl\u00e9mentaire de protection contre les dangers potentiels, garantissant que le Heatstrip est toujours utilis\u00e9 de mani\u00e8re s\u00e9curitaire et responsable.<\/p>\t\n\t<h1>\n\t\t\t\tUN NOM DE CONFIANCE\n\t\t\t<\/h1>\n\t\t\t<p>Les radiateurs HEATSTRIP<sup>\u00ae<\/sup> sont recommand\u00e9s par de nombreux architectes, designers, consultants et prescripteurs parmi les meilleurs au monde, qui font confiance \u00e0 la qualit\u00e9, aux performances et \u00e0 l&rsquo;esth\u00e9tique de classe mondiale.<\/p>\t\n\t<iframe loading=\"lazy\" width=\"1440\" height=\"800\" src=\"https:\/\/www.youtube.com\/embed\/GGzSRa1dzOY\" title=\"YouTube video player\" frameborder=\"0\" allow=\"accelerometer; autoplay; clipboard-write; encrypted-media; gyroscope; picture-in-picture\" allowfullscreen><\/iframe>\n<h2>\n\t\tJE CHERCHE\n\t<\/h2>\n\t\t\t<a href=\"https:\/\/heatstrip.com\/fr\/selecteur-de-produits\/\" target=\"_self\" rel=\"noopener\">\n\t\t\t\t\t\t\tS\u00c9LECTEUR DE PRODUITS\n\t\t\t\t\t<\/a>\n<h1>\n\t\tHEATSTRIP<sup>\u00ae<\/sup> EST UNE GAMME PRIM\u00c9E DE RADIATEURS \u00c9LECTRIQUES DE CLASSE MONDIALE\n\t<\/h1>\n\n","protected":false},"excerpt":{"rendered":"<p>Technologie de l&rsquo;application INNOVATION HEATSTRIP\u00ae Chez HEATSTRIP\u00ae, nous pensons que le design et la technologie vont de pair. C&rsquo;est pourquoi nous avons cr\u00e9\u00e9 des appareils de chauffage \u00e9l\u00e9gants, minces et modernes qui offrent non seulement les derni\u00e8res technologies connect\u00e9es intelligentes, mais qui ont \u00e9galement fi\u00e8re allure! Gr\u00e2ce \u00e0 notre approche innovante, vous n&rsquo;avez plus \u00e0 [&hellip;]<\/p>\n","protected":false},"author":5,"featured_media":0,"parent":0,"menu_order":0,"comment_status":"closed","ping_status":"closed","template":"","meta":{"site-sidebar-layout":"no-sidebar","site-content-layout":"page-builder","ast-site-content-layout":"default","site-content-style":"default","site-sidebar-style":"default","ast-global-header-display":"","ast-banner-title-visibility":"","ast-main-header-display":"","ast-hfb-above-header-display":"","ast-hfb-below-header-display":"","ast-hfb-mobile-header-display":"","site-post-title":"disabled","ast-breadcrumbs-content":"","ast-featured-img":"disabled","footer-sml-layout":"","ast-disable-related-posts":"","theme-transparent-header-meta":"default","adv-header-id-meta":"","stick-header-meta":"default","header-above-stick-meta":"","header-main-stick-meta":"","header-below-stick-meta":"","astra-migrate-meta-layouts":"default","ast-page-background-enabled":"default","ast-page-background-meta":{"desktop":{"background-color":"var(--ast-global-color-4)","background-image":"","background-repeat":"repeat","background-position":"center center","background-size":"auto","background-attachment":"scroll","background-type":"","background-media":"","overlay-type":"","overlay-color":"","overlay-opacity":"","overlay-gradient":""},"tablet":{"background-color":"","background-image":"","background-repeat":"repeat","background-position":"center center","background-size":"auto","background-attachment":"scroll","background-type":"","background-media":"","overlay-type":"","overlay-color":"","overlay-opacity":"","overlay-gradient":""},"mobile":{"background-color":"","background-image":"","background-repeat":"repeat","background-position":"center center","background-size":"auto","background-attachment":"scroll","background-type":"","background-media":"","overlay-type":"","overlay-color":"","overlay-opacity":"","overlay-gradient":""}},"ast-content-background-meta":{"desktop":{"background-color":"var(--ast-global-color-5)","background-image":"","background-repeat":"repeat","background-position":"center center","background-size":"auto","background-attachment":"scroll","background-type":"","background-media":"","overlay-type":"","overlay-color":"","overlay-opacity":"","overlay-gradient":""},"tablet":{"background-color":"var(--ast-global-color-5)","background-image":"","background-repeat":"repeat","background-position":"center center","background-size":"auto","background-attachment":"scroll","background-type":"","background-media":"","overlay-type":"","overlay-color":"","overlay-opacity":"","overlay-gradient":""},"mobile":{"background-color":"var(--ast-global-color-5)","background-image":"","background-repeat":"repeat","background-position":"center center","background-size":"auto","background-attachment":"scroll","background-type":"","background-media":"","overlay-type":"","overlay-color":"","overlay-opacity":"","overlay-gradient":""}},"footnotes":""},"class_list":["post-9851","page","type-page","status-publish","hentry"],"_links":{"self":[{"href":"https:\/\/heatstrip.com\/fr\/wp-json\/wp\/v2\/pages\/9851","targetHints":{"allow":["GET"]}}],"collection":[{"href":"https:\/\/heatstrip.com\/fr\/wp-json\/wp\/v2\/pages"}],"about":[{"href":"https:\/\/heatstrip.com\/fr\/wp-json\/wp\/v2\/types\/page"}],"author":[{"embeddable":true,"href":"https:\/\/heatstrip.com\/fr\/wp-json\/wp\/v2\/users\/5"}],"replies":[{"embeddable":true,"href":"https:\/\/heatstrip.com\/fr\/wp-json\/wp\/v2\/comments?post=9851"}],"version-history":[{"count":0,"href":"https:\/\/heatstrip.com\/fr\/wp-json\/wp\/v2\/pages\/9851\/revisions"}],"wp:attachment":[{"href":"https:\/\/heatstrip.com\/fr\/wp-json\/wp\/v2\/media?parent=9851"}],"curies":[{"name":"wp","href":"https:\/\/api.w.org\/{rel}","templated":true}]}}