{"id":9860,"date":"2022-02-12T01:50:48","date_gmt":"2022-02-11T14:50:48","guid":{"rendered":"https:\/\/heatstrip.com\/telechargement\/"},"modified":"2025-11-17T15:37:45","modified_gmt":"2025-11-17T04:37:45","slug":"telechargement","status":"publish","type":"page","link":"https:\/\/heatstrip.com\/fr\/telechargement\/","title":{"rendered":"T\u00e9l\u00e9chargement"},"content":{"rendered":"\n<h2>\n\t\tHEATSTRIP<sup>\u00ae<\/sup><br \/>T\u00c9L\u00c9CHARGEMENTS\n\t<\/h2>\n\t<h1>\n\t\t\t\tT\u00c9L\u00c9CHARGEMENTS DE PRODUITS &#8211; AM\u00c9RIQUE DU NORD\n\t\t\t<\/h1>\n\t\t\t\t\t\t<h2>HEATSTRIP<sup>\u00ae<\/sup> Brochure sur les produits de chauffage ext\u00e9rieur<\/h2>\n\t\t\t<p><a href=\"\/wp-content\/uploads\/2024\/02\/Heatstrip-Brochure-2024-US-Web-v10.24.pdf\" target=\"_blank\" rel=\"noopener\"><i class=\"fa fa-file-pdf \" ><\/i> HEATSTRIP BROCHURE SUR LES PRODUITS DE CHAUFFAGE EXT\u00c9RIEUR<\/a><\/p>\n\t\t\t\t\t\t<h2>HEATSTRIP<sup>\u00ae<\/sup> Classique (X-THHUS-A)<\/h2>\n\t\t\t<p><a href=\"\/wp-content\/uploads\/2023\/03\/THH-A-FME-MANUAL-06.25-Rev-3.pdf\" target=\"_blank\" rel=\"noopener\"><i class=\"fa fa-file-pdf \" ><\/i> CLASSIQUE (THHA) FME MANUEL D&rsquo;INSTALLATION ET D&rsquo;ENTRETIEN DE L&rsquo;EXPLOITATION<\/a><br \/><a href=\"\/wp-content\/uploads\/2023\/10\/Classic-X-THHUS-A-PRODUCT-MANUAL-Rev-2-09.25.pdf\" target=\"_blank\" rel=\"noopener\"><i class=\"fa fa-file-pdf \" ><\/i> CLASSIQUE (THHUS-A) MANUEL DU PRODUIT<\/a><\/p>\n\t\t\t\t\t\t<h2>HEATSTRIP<sup>\u00ae<\/sup> Classique Blanc (X-THHUS-AW)<\/h2>\n\t\t\t<p><a href=\"\/wp-content\/uploads\/2023\/03\/THH-A-FME-MANUAL-06.25-Rev-3.pdf\" target=\"_blank\" rel=\"noopener\"><i class=\"fa fa-file-pdf \" ><\/i> CLASSIQUE (THHA) FME MANUEL D&rsquo;INSTALLATION ET D&rsquo;ENTRETIEN DE L&rsquo;EXPLOITATION<\/a><br \/><a href=\"\/wp-content\/uploads\/2023\/10\/Classic-White-X-THHUS-AW-PRODUCT-MANUAL-Rev-2-09.25.pdf\" target=\"_blank\" rel=\"noopener\"><i class=\"fa fa-file-pdf \" ><\/i> CLASSIQUE (THHUS-A) MANUEL DU PRODUIT<\/a><\/p>\n\t\t\t\t\t\t<h2>HEATSTRIP<sup>\u00ae<\/sup> Classique avec t\u00e9l\u00e9commande et application (X-THH-AA)<\/h2>\n\t\t\t<p><a href=\"\/wp-content\/uploads\/2023\/10\/Classic-with-Remote-App-Black-X-THHAA-PRODUCT-MANUAL-09.25-Rev-2.pdf\" target=\"_blank\" rel=\"noopener\">E<i class=\"fa fa-file-pdf \" ><\/i> X-THHAA MANUEL DU PRODUIT<\/a><br \/><a href=\"\/wp-content\/uploads\/2023\/03\/THHAA-PRODUCT-MANUAL-03.23-Rev3.pdf\" target=\"_blank\" rel=\"noopener\"><i class=\"fa fa-file-pdf \" ><\/i> <\/a><a href=\"\/wp-content\/uploads\/2023\/03\/THHAA-PRODUCT-MANUAL-03.23-Rev3.pdf\" target=\"_blank\" rel=\"noopener\">THHAR <\/a> X-<a href=\"\/wp-content\/uploads\/2023\/03\/THHAA-PRODUCT-MANUAL-03.23-Rev3.pdf\" target=\"_blank\" rel=\"noopener\">THHAA<\/a><a href=\"\/wp-content\/uploads\/2023\/03\/THH-AR-THH-AA-FME-MANUAL-06.25-Rev-3.pdf\" target=\"_blank\" rel=\"noopener\"> SUPPORT ENCASTR\u00c9 MANUEL<\/a><\/p>\n\t\t\t\t\t\t<h2>HEATSTRIP<sup>\u00ae<\/sup> Classique blanc avec t\u00e9l\u00e9commande et application (X-THH-AAW)<\/h2>\n\t\t\t<p><a href=\"\/wp-content\/uploads\/2023\/10\/Classic-with-Remote-App-White-X-THHAAW-PRODUCT-MANUAL-09.25-Rev-2.pdf\" target=\"_blank\" rel=\"noopener\"><i class=\"fa fa-file-pdf \" ><\/i> X-THHAAW MANUEL DU PRODUIT<\/a><br \/><a href=\"\/wp-content\/uploads\/2023\/03\/THHAA-PRODUCT-MANUAL-03.23-Rev3.pdf\" target=\"_blank\" rel=\"noopener\"><i class=\"fa fa-file-pdf \" ><\/i> <\/a><a href=\"\/wp-content\/uploads\/2023\/03\/THHAA-PRODUCT-MANUAL-03.23-Rev3.pdf\" target=\"_blank\" rel=\"noopener\">THHAR <\/a> <a href=\"\/wp-content\/uploads\/2023\/03\/THHAA-PRODUCT-MANUAL-03.23-Rev3.pdf\" target=\"_blank\" rel=\"noopener\">X-THHAA<\/a><a href=\"\/wp-content\/uploads\/2023\/03\/THH-AR-THH-AA-FME-MANUAL-06.25-Rev-3.pdf\" target=\"_blank\" rel=\"noopener\"> SUPPORT ENCASTR\u00c9 MANUEL<\/a><\/p>\n\t\t\t\t\t\t<h2>HEATSTRIP<sup>\u00ae<\/sup> Optimis\u00e9 avec t\u00e9l\u00e9commande et application (X-THGBA)<\/h2>\n\t\t\t<p><a href=\"\/wp-content\/uploads\/2023\/10\/Ehance-with-Remote-and-app-THG-BA-UL-Product-Manual-web.pdf\" target=\"_blank\" rel=\"noopener\"><i class=\"fa fa-file-pdf \" ><\/i> X-THGBA MANUEL DU PRODUIT<\/a><br \/><a href=\"\/wp-content\/uploads\/2023\/06\/THG-BA-Flush-Mount-Manual-031.5.23-Rev-1.pdf\" target=\"_blank\" rel=\"noopener\"><i class=\"fa fa-file-pdf \" ><\/i> THGBA SUPPORT ENCASTR\u00c9 MANUEL<\/a><\/p>\n\t\t\t\t\t\t<h2>HEATSTRIP<sup>\u00ae<\/sup> Intense avec t\u00e9l\u00e9commande et application (X-THBBA)<\/h2>\n\t\t\t<p><a href=\"\/wp-content\/uploads\/2023\/10\/Intense-with-Remote-App-Black-X-THBBA-Product-Manual-Rev-16-09.25.pdf\" target=\"_blank\" rel=\"noopener\"><i class=\"fa fa-file-pdf \" ><\/i> X-THBBA MANUEL DU PRODUIT<\/a><br \/><a href=\"\/wp-content\/uploads\/2023\/06\/THB-BA-Flush-Mount-Encloser-Manual-31.05.23-V1.pdf\" target=\"_blank\" rel=\"noopener\"><i class=\"fa fa-file-pdf \" ><\/i> X-THBBA SUPPORT ENCASTR\u00c9 MANUEL<\/a><\/p>\n\t\t\t\t\t\t<h2>HEATSTRIP<sup>\u00ae<\/sup> Chauffage mural au gaz naturel<\/h2>\n\t\t\t<p><a href=\"\/wp-content\/uploads\/2023\/11\/X-DGR32WNG-US-Manual.pdf\" target=\"_blank\" rel=\"noopener\"><i class=\"fa fa-file-pdf \" ><\/i> MURAL AU GAZ (X-DGR32WNG) MANUEL DU PRODUIT<\/a><\/p>\n\t\t\t\t\t\t<h2>HEATSTRIP<sup>\u00ae<\/sup> Gaz GPL portable<\/h2>\n\t\t\t<p><a href=\"\/wp-content\/uploads\/2023\/09\/X-DGR32PLP-HEAD-X-DGR32PLP-STAND-US-Manual.pdf\" target=\"_blank\" rel=\"noopener\"><i class=\"fa fa-file-pdf \" ><\/i> PORTABLE GPL (X-DGR32PLP-HEAD X-DGR32PLP-STAND) MANUEL DU PRODUIT<\/a><\/p>\n<h1>\n\t\tHEATSTRIP<sup>\u00ae<\/sup> EST UNE GAMME PRIM\u00c9E DE RADIATEURS \u00c9LECTRIQUES DE CLASSE MONDIALE\n\t<\/h1>\n\n","protected":false},"excerpt":{"rendered":"<p>HEATSTRIP\u00aeT\u00c9L\u00c9CHARGEMENTS T\u00c9L\u00c9CHARGEMENTS DE PRODUITS &#8211; AM\u00c9RIQUE DU NORD HEATSTRIP\u00ae Brochure sur les produits de chauffage ext\u00e9rieur HEATSTRIP BROCHURE SUR LES PRODUITS DE CHAUFFAGE EXT\u00c9RIEUR HEATSTRIP\u00ae Classique (X-THHUS-A) CLASSIQUE (THHA) FME MANUEL D&rsquo;INSTALLATION ET D&rsquo;ENTRETIEN DE L&rsquo;EXPLOITATION CLASSIQUE (THHUS-A) MANUEL DU PRODUIT HEATSTRIP\u00ae Classique Blanc (X-THHUS-AW) CLASSIQUE (THHA) FME MANUEL D&rsquo;INSTALLATION ET D&rsquo;ENTRETIEN DE L&rsquo;EXPLOITATION CLASSIQUE [&hellip;]<\/p>\n","protected":false},"author":1,"featured_media":0,"parent":0,"menu_order":0,"comment_status":"closed","ping_status":"closed","template":"","meta":{"site-sidebar-layout":"no-sidebar","site-content-layout":"page-builder","ast-site-content-layout":"default","site-content-style":"default","site-sidebar-style":"default","ast-global-header-display":"","ast-banner-title-visibility":"","ast-main-header-display":"","ast-hfb-above-header-display":"","ast-hfb-below-header-display":"","ast-hfb-mobile-header-display":"","site-post-title":"disabled","ast-breadcrumbs-content":"","ast-featured-img":"disabled","footer-sml-layout":"","ast-disable-related-posts":"","theme-transparent-header-meta":"default","adv-header-id-meta":"","stick-header-meta":"default","header-above-stick-meta":"","header-main-stick-meta":"","header-below-stick-meta":"","astra-migrate-meta-layouts":"default","ast-page-background-enabled":"default","ast-page-background-meta":{"desktop":{"background-color":"var(--ast-global-color-4)","background-image":"","background-repeat":"repeat","background-position":"center center","background-size":"auto","background-attachment":"scroll","background-type":"","background-media":"","overlay-type":"","overlay-color":"","overlay-opacity":"","overlay-gradient":""},"tablet":{"background-color":"","background-image":"","background-repeat":"repeat","background-position":"center center","background-size":"auto","background-attachment":"scroll","background-type":"","background-media":"","overlay-type":"","overlay-color":"","overlay-opacity":"","overlay-gradient":""},"mobile":{"background-color":"","background-image":"","background-repeat":"repeat","background-position":"center center","background-size":"auto","background-attachment":"scroll","background-type":"","background-media":"","overlay-type":"","overlay-color":"","overlay-opacity":"","overlay-gradient":""}},"ast-content-background-meta":{"desktop":{"background-color":"var(--ast-global-color-5)","background-image":"","background-repeat":"repeat","background-position":"center center","background-size":"auto","background-attachment":"scroll","background-type":"","background-media":"","overlay-type":"","overlay-color":"","overlay-opacity":"","overlay-gradient":""},"tablet":{"background-color":"var(--ast-global-color-5)","background-image":"","background-repeat":"repeat","background-position":"center center","background-size":"auto","background-attachment":"scroll","background-type":"","background-media":"","overlay-type":"","overlay-color":"","overlay-opacity":"","overlay-gradient":""},"mobile":{"background-color":"var(--ast-global-color-5)","background-image":"","background-repeat":"repeat","background-position":"center center","background-size":"auto","background-attachment":"scroll","background-type":"","background-media":"","overlay-type":"","overlay-color":"","overlay-opacity":"","overlay-gradient":""}},"footnotes":""},"class_list":["post-9860","page","type-page","status-publish","hentry"],"_links":{"self":[{"href":"https:\/\/heatstrip.com\/fr\/wp-json\/wp\/v2\/pages\/9860","targetHints":{"allow":["GET"]}}],"collection":[{"href":"https:\/\/heatstrip.com\/fr\/wp-json\/wp\/v2\/pages"}],"about":[{"href":"https:\/\/heatstrip.com\/fr\/wp-json\/wp\/v2\/types\/page"}],"author":[{"embeddable":true,"href":"https:\/\/heatstrip.com\/fr\/wp-json\/wp\/v2\/users\/1"}],"replies":[{"embeddable":true,"href":"https:\/\/heatstrip.com\/fr\/wp-json\/wp\/v2\/comments?post=9860"}],"version-history":[{"count":0,"href":"https:\/\/heatstrip.com\/fr\/wp-json\/wp\/v2\/pages\/9860\/revisions"}],"wp:attachment":[{"href":"https:\/\/heatstrip.com\/fr\/wp-json\/wp\/v2\/media?parent=9860"}],"curies":[{"name":"wp","href":"https:\/\/api.w.org\/{rel}","templated":true}]}}